{"id":128,"date":"2018-07-18T23:23:31","date_gmt":"2018-07-18T23:23:31","guid":{"rendered":"https:\/\/demo2023.alodigital.edu.vn\/?page_id=128"},"modified":"2023-04-10T06:46:04","modified_gmt":"2023-04-10T06:46:04","slug":"history","status":"publish","type":"page","link":"https:\/\/saigontamtam.com.vn\/en\/history\/","title":{"rendered":"HISTORY"},"content":{"rendered":"\t<section class=\"section\" id=\"section_1266591434\">\n\t\t<div class=\"bg section-bg fill bg-fill  bg-loaded\" >\n\n\t\t\t\n\t\t\t\n\t\t\t\n\n\t\t<\/div>\n\n\t\t\n\n\t\t<div class=\"section-content relative\">\n\t\t\t\n\t<div class=\"img has-hover x md-x lg-x y md-y lg-y\" id=\"image_917679446\">\n\t\t\t\t\t\t\t\t<div class=\"img-inner dark\" >\n\t\t\t<img loading=\"lazy\" decoding=\"async\" width=\"1197\" height=\"492\" src=\"https:\/\/saigontamtam.com.vn\/en\/wp-content\/uploads\/2023\/03\/Nha-may-e1678846451852.jpg\" class=\"attachment-original size-original\" alt=\"nh\u00e0 m\u00e1y s\u1ea3n xu\u1ea5t c\u00f4ng ty c\u1ed5 ph\u1ea7n s\u00e0i g\u00f2n t\u00e2m t\u00e2m\" srcset=\"https:\/\/saigontamtam.com.vn\/en\/wp-content\/uploads\/2023\/03\/Nha-may-e1678846451852.jpg 1197w, https:\/\/saigontamtam.com.vn\/en\/wp-content\/uploads\/2023\/03\/Nha-may-e1678846451852-800x329.jpg 800w, https:\/\/saigontamtam.com.vn\/en\/wp-content\/uploads\/2023\/03\/Nha-may-e1678846451852-768x316.jpg 768w, https:\/\/saigontamtam.com.vn\/en\/wp-content\/uploads\/2023\/03\/Nha-may-e1678846451852-600x247.jpg 600w\" sizes=\"(max-width: 1197px) 100vw, 1197px\" \/>\t\t\t\t\t\t\n\t\t\t\t\t<\/div>\n\t\t\t\t\t\t\t\t\n<style>\n#image_917679446 {\n  width: 100%;\n}\n<\/style>\n\t<\/div>\n\t\n\t\t<\/div>\n\n\t\t\n<style>\n#section_1266591434 {\n  padding-top: 0px;\n  padding-bottom: 0px;\n}\n#section_1266591434 .ux-shape-divider--top svg {\n  height: 150px;\n  --divider-top-width: 100%;\n}\n#section_1266591434 .ux-shape-divider--bottom svg {\n  height: 150px;\n  --divider-width: 100%;\n}\n<\/style>\n\t<\/section>\n\t\n\t<section class=\"section\" id=\"section_2058977821\">\n\t\t<div class=\"bg section-bg fill bg-fill  bg-loaded\" >\n\n\t\t\t\n\t\t\t\n\t\t\t\n\n\t\t<\/div>\n\n\t\t\n\n\t\t<div class=\"section-content relative\">\n\t\t\t\n<div class=\"row\"  id=\"row-1656939050\">\n\n\t<div id=\"col-1230507033\" class=\"col hide-for-small medium-3 small-12 large-3\"  >\n\t\t\t\t<div class=\"col-inner\"  >\n\t\t\t\n\t\t\t\n<ul class=\"sidebar-wrapper ul-reset\"><li id=\"nav_menu-2\" class=\"widget widget_nav_menu\"><div class=\"menu-menu-gioi-thieu-container\"><ul id=\"menu-menu-gioi-thieu\" class=\"menu\"><li id=\"menu-item-133\" class=\"menu-item menu-item-type-post_type menu-item-object-page menu-item-133\"><a href=\"https:\/\/saigontamtam.com.vn\/en\/history\/\">HISTORY<\/a><\/li>\n<li id=\"menu-item-155\" class=\"menu-item menu-item-type-post_type menu-item-object-page menu-item-155\"><a href=\"https:\/\/saigontamtam.com.vn\/en\/vision\/\">VISION<\/a><\/li>\n<\/ul><\/div><\/li><\/ul>\n\t\t<\/div>\n\t\t\t\t\t<\/div>\n\n\t\n\n\t<div id=\"col-620853992\" class=\"col medium-9 small-12 large-9\"  >\n\t\t\t\t<div class=\"col-inner\"  >\n\t\t\t\n\t\t\t\n<div class=\"content-intro\">\n<h2 style=\"text-align: center;\"><strong>HISTORY OF FORMATION AND DEVELOPMENT<\/strong><\/h2>\n<ul>\n<li>International trading name: SAI GON TAM TAM JOINT STOCK COMPANY<br \/>Abbreviated name: SG TAMTAM JSC<\/li>\n<li>Business registration certificate: No. 0303789707, issued by the Ho Chi Minh City Department of Planning and Investment on May 4, 2005 for the first time, and amended the 10th time on May 28, 2014.<\/li>\n<li>Charter capital: 10.000.000.000 VND<\/li>\n<li>Export code: HK128<\/li>\n<li>Address: 55\/10 Le Thi Hong Gam, Nguyen Thai Binh Ward, District 1, Ho Chi Minh City, Vietnam.<\/li>\n<li>Factory: 02 Truong Son Boulevard, Hiep Binh Phuoc Ward, Thu Duc District, Ho Chi Minh City, Vietnam<\/li>\n<li>Phone: +84-28-37-260-235 \u2013 Fax: +84-28-39151180<\/li>\n<li>Website: htpps:\/\/saigontamtam.com.vn\/en \u2013 Email: binh@tamtam.com.vn<\/li>\n<\/ul>\n<p>Saigon Tam Tam Joint Stock Company is a manufacturer of agricultural, aquatic and marine products established in 2005. With many years of experience in this field, Saigon Tam Tam quickly became one of the leading manufacturers in Vietnam.<\/p>\n<p>With the goal of providing high-quality agricultural, aquatic and marine products to meet the increasing demand of the market, Saigon Tam Tam has invested in the most modern technology and equipment, creating products with a strong Vietnamese identity, which are favored and trusted by customers both domestically and internationally.<\/p>\n<p>Recognized as one of the leading producers in Vietnam, Saigon Tam Tam has continuously improved the quality of its products and services to meet the strict demands of customers.<\/p>\n<p>In addition to the domestic market, Saigon Tam Tam also exports products such as peanuts, dried fish, dried fruits, and fish fillets to the European market such as Russia, Ukraine, and Belarus, which are highly appreciated by customers for their freshness, cleanliness, and food safety.<\/p>\n<p>With the motto &#8220;Quality is above all&#8221;, Saigon Tam Tam has built its reputation in the production and export of agricultural, aquatic, and marine products. The company is always ready to meet the needs of customers with high-quality products, a professional and enthusiastic staff, and a convenient transportation system, ensuring the satisfaction and trust of customers.<\/p>\n<p>With a long-term vision, Saigon Tam Tam will continue to develop and expand its market to become one of the leading companies in the field of agricultural, aquatic, and marine product production, contributing to the development of Vietnam&#8217;s economy.<\/p>\n<p>Saigon Tam Tam is not only a producer of agricultural, aquatic, and marine products but also a professional, creative and friendly working environment for employees. Here, employees are trained and developed in professional and soft skills and are highly valued for their creativity, with a comfortable, respectful and full of opportunities for career advancement working environment.<\/p>\n<p>The company always prioritizes the quality of its products, ensuring food safety, protecting the environment and the community, working responsibly and respecting human rights. This is also the reason why Saigon Tam Tam has received many international awards and certifications for product quality and quality management.<\/p>\n<p>With the commitment and passion of all employees, Saigon Tam Tam is not only a company operating in the field of agricultural, aquatic, and marine product production but also a symbol of the Vietnamese agricultural industry, bringing high-quality products to customers both domestically and internationally.<\/p>\n<\/div>\n\t\t<\/div>\n\t\t\t\t\t<\/div>\n\n\t\n<\/div>\n\t\t<\/div>\n\n\t\t\n<style>\n#section_2058977821 {\n  padding-top: 30px;\n  padding-bottom: 30px;\n}\n#section_2058977821 .ux-shape-divider--top svg {\n  height: 150px;\n  --divider-top-width: 100%;\n}\n#section_2058977821 .ux-shape-divider--bottom svg {\n  height: 150px;\n  --divider-width: 100%;\n}\n<\/style>\n\t<\/section>\n\t\n","protected":false},"excerpt":{"rendered":"","protected":false},"author":1,"featured_media":0,"parent":0,"menu_order":0,"comment_status":"closed","ping_status":"closed","template":"page-blank.php","meta":{"footnotes":""},"class_list":["post-128","page","type-page","status-publish","hentry"],"acf":[],"_links":{"self":[{"href":"https:\/\/saigontamtam.com.vn\/en\/wp-json\/wp\/v2\/pages\/128"}],"collection":[{"href":"https:\/\/saigontamtam.com.vn\/en\/wp-json\/wp\/v2\/pages"}],"about":[{"href":"https:\/\/saigontamtam.com.vn\/en\/wp-json\/wp\/v2\/types\/page"}],"author":[{"embeddable":true,"href":"https:\/\/saigontamtam.com.vn\/en\/wp-json\/wp\/v2\/users\/1"}],"replies":[{"embeddable":true,"href":"https:\/\/saigontamtam.com.vn\/en\/wp-json\/wp\/v2\/comments?post=128"}],"version-history":[{"count":16,"href":"https:\/\/saigontamtam.com.vn\/en\/wp-json\/wp\/v2\/pages\/128\/revisions"}],"predecessor-version":[{"id":1019,"href":"https:\/\/saigontamtam.com.vn\/en\/wp-json\/wp\/v2\/pages\/128\/revisions\/1019"}],"wp:attachment":[{"href":"https:\/\/saigontamtam.com.vn\/en\/wp-json\/wp\/v2\/media?parent=128"}],"curies":[{"name":"wp","href":"https:\/\/api.w.org\/{rel}","templated":true}]}}